{"id":187,"date":"2018-09-19T02:59:55","date_gmt":"2018-09-19T00:59:55","guid":{"rendered":"https:\/\/www.enviedecole.fr\/?page_id=187"},"modified":"2023-03-23T16:08:08","modified_gmt":"2023-03-23T15:08:08","slug":"actualites-de-lecole","status":"publish","type":"page","link":"https:\/\/www.enviedecole.fr\/index.php\/actualites-de-lecole\/","title":{"rendered":"Actualit\u00e9s de l&rsquo;\u00e9cole"},"content":{"rendered":"<div class=\"style_2\">Suivez toutes les actualit\u00e9s de l&rsquo;\u00e9cole<\/div>\r\n<br \/>\r\n[contenu classe=actus affichage=2 titre=1 lien=1 date=1 categorie=actu]","protected":false},"excerpt":{"rendered":"<p>Suivez toutes les actualit\u00e9s de l&rsquo;\u00e9cole [contenu classe=actus affichage=2 titre=1 lien=1 date=1 categorie=actu]<\/p>\n","protected":false},"author":3,"featured_media":0,"parent":0,"menu_order":0,"comment_status":"closed","ping_status":"closed","template":"","meta":{"site-sidebar-layout":"default","site-content-layout":"","ast-site-content-layout":"","site-content-style":"default","site-sidebar-style":"default","ast-global-header-display":"","ast-banner-title-visibility":"","ast-main-header-display":"","ast-hfb-above-header-display":"","ast-hfb-below-header-display":"","ast-hfb-mobile-header-display":"","site-post-title":"","ast-breadcrumbs-content":"","ast-featured-img":"","footer-sml-layout":"","theme-transparent-header-meta":"","adv-header-id-meta":"","stick-header-meta":"","header-above-stick-meta":"","header-main-stick-meta":"","header-below-stick-meta":"","astra-migrate-meta-layouts":"default","ast-page-background-enabled":"default","ast-page-background-meta":{"desktop":{"background-color":"var(--ast-global-color-4)","background-image":"","background-repeat":"repeat","background-position":"center center","background-size":"auto","background-attachment":"scroll","background-type":"","background-media":"","overlay-type":"","overlay-color":"","overlay-opacity":"","overlay-gradient":""},"tablet":{"background-color":"","background-image":"","background-repeat":"repeat","background-position":"center center","background-size":"auto","background-attachment":"scroll","background-type":"","background-media":"","overlay-type":"","overlay-color":"","overlay-opacity":"","overlay-gradient":""},"mobile":{"background-color":"","background-image":"","background-repeat":"repeat","background-position":"center center","background-size":"auto","background-attachment":"scroll","background-type":"","background-media":"","overlay-type":"","overlay-color":"","overlay-opacity":"","overlay-gradient":""}},"ast-content-background-meta":{"desktop":{"background-color":"var(--ast-global-color-5)","background-image":"","background-repeat":"repeat","background-position":"center center","background-size":"auto","background-attachment":"scroll","background-type":"","background-media":"","overlay-type":"","overlay-color":"","overlay-opacity":"","overlay-gradient":""},"tablet":{"background-color":"var(--ast-global-color-5)","background-image":"","background-repeat":"repeat","background-position":"center center","background-size":"auto","background-attachment":"scroll","background-type":"","background-media":"","overlay-type":"","overlay-color":"","overlay-opacity":"","overlay-gradient":""},"mobile":{"background-color":"var(--ast-global-color-5)","background-image":"","background-repeat":"repeat","background-position":"center center","background-size":"auto","background-attachment":"scroll","background-type":"","background-media":"","overlay-type":"","overlay-color":"","overlay-opacity":"","overlay-gradient":""}},"footnotes":""},"class_list":["post-187","page","type-page","status-publish","hentry"],"yoast_head":"<!-- This site is optimized with the Yoast SEO plugin v23.9 - https:\/\/yoast.com\/wordpress\/plugins\/seo\/ -->\n<title>- Actualit\u00e9s de l&#039;\u00e9cole<\/title>\n<meta name=\"description\" content=\"L\u2019ENVOL est une \u00e9cole priv\u00e9e la\u00efque hors contrat \u00e0 p\u00e9dagogie coop\u00e9rative d\u2019inspiration Montessori et Freinet, situ\u00e9e sur la commune de St Saturnin du Bois, proche de Surg\u00e8res et de Niort dans le d\u00e9partement de la Charente Maritime (17).\" \/>\n<meta name=\"robots\" content=\"index, follow, max-snippet:-1, max-image-preview:large, max-video-preview:-1\" \/>\n<link rel=\"canonical\" href=\"https:\/\/www.enviedecole.fr\/index.php\/actualites-de-lecole\/\" \/>\n<meta property=\"og:locale\" content=\"fr_FR\" \/>\n<meta property=\"og:type\" content=\"article\" \/>\n<meta property=\"og:title\" content=\"- Actualit\u00e9s de l&#039;\u00e9cole\" \/>\n<meta property=\"og:description\" content=\"L\u2019ENVOL est une \u00e9cole priv\u00e9e la\u00efque hors contrat \u00e0 p\u00e9dagogie coop\u00e9rative d\u2019inspiration Montessori et Freinet, situ\u00e9e sur la commune de St Saturnin du Bois, proche de Surg\u00e8res et de Niort dans le d\u00e9partement de la Charente Maritime (17).\" \/>\n<meta property=\"og:url\" content=\"https:\/\/www.enviedecole.fr\/index.php\/actualites-de-lecole\/\" \/>\n<meta property=\"article:modified_time\" content=\"2023-03-23T15:08:08+00:00\" \/>\n<meta name=\"twitter:card\" content=\"summary_large_image\" \/>\n<script type=\"application\/ld+json\" class=\"yoast-schema-graph\">{\"@context\":\"https:\/\/schema.org\",\"@graph\":[{\"@type\":\"WebPage\",\"@id\":\"https:\/\/www.enviedecole.fr\/index.php\/actualites-de-lecole\/\",\"url\":\"https:\/\/www.enviedecole.fr\/index.php\/actualites-de-lecole\/\",\"name\":\"- Actualit\u00e9s de l'\u00e9cole\",\"isPartOf\":{\"@id\":\"https:\/\/www.enviedecole.fr\/#website\"},\"datePublished\":\"2018-09-19T00:59:55+00:00\",\"dateModified\":\"2023-03-23T15:08:08+00:00\",\"description\":\"L\u2019ENVOL est une \u00e9cole priv\u00e9e la\u00efque hors contrat \u00e0 p\u00e9dagogie coop\u00e9rative d\u2019inspiration Montessori et Freinet, situ\u00e9e sur la commune de St Saturnin du Bois, proche de Surg\u00e8res et de Niort dans le d\u00e9partement de la Charente Maritime (17).\",\"breadcrumb\":{\"@id\":\"https:\/\/www.enviedecole.fr\/index.php\/actualites-de-lecole\/#breadcrumb\"},\"inLanguage\":\"fr-FR\",\"potentialAction\":[{\"@type\":\"ReadAction\",\"target\":[\"https:\/\/www.enviedecole.fr\/index.php\/actualites-de-lecole\/\"]}]},{\"@type\":\"BreadcrumbList\",\"@id\":\"https:\/\/www.enviedecole.fr\/index.php\/actualites-de-lecole\/#breadcrumb\",\"itemListElement\":[{\"@type\":\"ListItem\",\"position\":1,\"name\":\"Accueil\",\"item\":\"https:\/\/www.enviedecole.fr\/\"},{\"@type\":\"ListItem\",\"position\":2,\"name\":\"Actualit\u00e9s de l&rsquo;\u00e9cole\"}]},{\"@type\":\"WebSite\",\"@id\":\"https:\/\/www.enviedecole.fr\/#website\",\"url\":\"https:\/\/www.enviedecole.fr\/\",\"name\":\"En Vie d'Ecole\",\"description\":\"\",\"publisher\":{\"@id\":\"https:\/\/www.enviedecole.fr\/#organization\"},\"potentialAction\":[{\"@type\":\"SearchAction\",\"target\":{\"@type\":\"EntryPoint\",\"urlTemplate\":\"https:\/\/www.enviedecole.fr\/?s={search_term_string}\"},\"query-input\":{\"@type\":\"PropertyValueSpecification\",\"valueRequired\":true,\"valueName\":\"search_term_string\"}}],\"inLanguage\":\"fr-FR\"},{\"@type\":\"Organization\",\"@id\":\"https:\/\/www.enviedecole.fr\/#organization\",\"name\":\"En vie d\u2019\u00e9cole\",\"url\":\"https:\/\/www.enviedecole.fr\/\",\"logo\":{\"@type\":\"ImageObject\",\"inLanguage\":\"fr-FR\",\"@id\":\"https:\/\/www.enviedecole.fr\/#\/schema\/logo\/image\/\",\"url\":\"https:\/\/www.enviedecole.fr\/wp-content\/uploads\/2018\/10\/logo_texte_bas.jpg\",\"contentUrl\":\"https:\/\/www.enviedecole.fr\/wp-content\/uploads\/2018\/10\/logo_texte_bas.jpg\",\"width\":266,\"height\":284,\"caption\":\"En vie d\u2019\u00e9cole\"},\"image\":{\"@id\":\"https:\/\/www.enviedecole.fr\/#\/schema\/logo\/image\/\"}}]}<\/script>\n<!-- \/ Yoast SEO plugin. -->","yoast_head_json":{"title":"- Actualit\u00e9s de l'\u00e9cole","description":"L\u2019ENVOL est une \u00e9cole priv\u00e9e la\u00efque hors contrat \u00e0 p\u00e9dagogie coop\u00e9rative d\u2019inspiration Montessori et Freinet, situ\u00e9e sur la commune de St Saturnin du Bois, proche de Surg\u00e8res et de Niort dans le d\u00e9partement de la Charente Maritime (17).","robots":{"index":"index","follow":"follow","max-snippet":"max-snippet:-1","max-image-preview":"max-image-preview:large","max-video-preview":"max-video-preview:-1"},"canonical":"https:\/\/www.enviedecole.fr\/index.php\/actualites-de-lecole\/","og_locale":"fr_FR","og_type":"article","og_title":"- Actualit\u00e9s de l'\u00e9cole","og_description":"L\u2019ENVOL est une \u00e9cole priv\u00e9e la\u00efque hors contrat \u00e0 p\u00e9dagogie coop\u00e9rative d\u2019inspiration Montessori et Freinet, situ\u00e9e sur la commune de St Saturnin du Bois, proche de Surg\u00e8res et de Niort dans le d\u00e9partement de la Charente Maritime (17).","og_url":"https:\/\/www.enviedecole.fr\/index.php\/actualites-de-lecole\/","article_modified_time":"2023-03-23T15:08:08+00:00","twitter_card":"summary_large_image","schema":{"@context":"https:\/\/schema.org","@graph":[{"@type":"WebPage","@id":"https:\/\/www.enviedecole.fr\/index.php\/actualites-de-lecole\/","url":"https:\/\/www.enviedecole.fr\/index.php\/actualites-de-lecole\/","name":"- Actualit\u00e9s de l'\u00e9cole","isPartOf":{"@id":"https:\/\/www.enviedecole.fr\/#website"},"datePublished":"2018-09-19T00:59:55+00:00","dateModified":"2023-03-23T15:08:08+00:00","description":"L\u2019ENVOL est une \u00e9cole priv\u00e9e la\u00efque hors contrat \u00e0 p\u00e9dagogie coop\u00e9rative d\u2019inspiration Montessori et Freinet, situ\u00e9e sur la commune de St Saturnin du Bois, proche de Surg\u00e8res et de Niort dans le d\u00e9partement de la Charente Maritime (17).","breadcrumb":{"@id":"https:\/\/www.enviedecole.fr\/index.php\/actualites-de-lecole\/#breadcrumb"},"inLanguage":"fr-FR","potentialAction":[{"@type":"ReadAction","target":["https:\/\/www.enviedecole.fr\/index.php\/actualites-de-lecole\/"]}]},{"@type":"BreadcrumbList","@id":"https:\/\/www.enviedecole.fr\/index.php\/actualites-de-lecole\/#breadcrumb","itemListElement":[{"@type":"ListItem","position":1,"name":"Accueil","item":"https:\/\/www.enviedecole.fr\/"},{"@type":"ListItem","position":2,"name":"Actualit\u00e9s de l&rsquo;\u00e9cole"}]},{"@type":"WebSite","@id":"https:\/\/www.enviedecole.fr\/#website","url":"https:\/\/www.enviedecole.fr\/","name":"En Vie d'Ecole","description":"","publisher":{"@id":"https:\/\/www.enviedecole.fr\/#organization"},"potentialAction":[{"@type":"SearchAction","target":{"@type":"EntryPoint","urlTemplate":"https:\/\/www.enviedecole.fr\/?s={search_term_string}"},"query-input":{"@type":"PropertyValueSpecification","valueRequired":true,"valueName":"search_term_string"}}],"inLanguage":"fr-FR"},{"@type":"Organization","@id":"https:\/\/www.enviedecole.fr\/#organization","name":"En vie d\u2019\u00e9cole","url":"https:\/\/www.enviedecole.fr\/","logo":{"@type":"ImageObject","inLanguage":"fr-FR","@id":"https:\/\/www.enviedecole.fr\/#\/schema\/logo\/image\/","url":"https:\/\/www.enviedecole.fr\/wp-content\/uploads\/2018\/10\/logo_texte_bas.jpg","contentUrl":"https:\/\/www.enviedecole.fr\/wp-content\/uploads\/2018\/10\/logo_texte_bas.jpg","width":266,"height":284,"caption":"En vie d\u2019\u00e9cole"},"image":{"@id":"https:\/\/www.enviedecole.fr\/#\/schema\/logo\/image\/"}}]}},"_links":{"self":[{"href":"https:\/\/www.enviedecole.fr\/index.php\/wp-json\/wp\/v2\/pages\/187"}],"collection":[{"href":"https:\/\/www.enviedecole.fr\/index.php\/wp-json\/wp\/v2\/pages"}],"about":[{"href":"https:\/\/www.enviedecole.fr\/index.php\/wp-json\/wp\/v2\/types\/page"}],"author":[{"embeddable":true,"href":"https:\/\/www.enviedecole.fr\/index.php\/wp-json\/wp\/v2\/users\/3"}],"replies":[{"embeddable":true,"href":"https:\/\/www.enviedecole.fr\/index.php\/wp-json\/wp\/v2\/comments?post=187"}],"version-history":[{"count":2,"href":"https:\/\/www.enviedecole.fr\/index.php\/wp-json\/wp\/v2\/pages\/187\/revisions"}],"predecessor-version":[{"id":11472,"href":"https:\/\/www.enviedecole.fr\/index.php\/wp-json\/wp\/v2\/pages\/187\/revisions\/11472"}],"wp:attachment":[{"href":"https:\/\/www.enviedecole.fr\/index.php\/wp-json\/wp\/v2\/media?parent=187"}],"curies":[{"name":"wp","href":"https:\/\/api.w.org\/{rel}","templated":true}]}}